{"id":8199,"date":"2026-01-12T09:00:27","date_gmt":"2026-01-12T09:00:27","guid":{"rendered":"http:\/\/hk.sdwailian.com\/?post_type=product&#038;p=8199"},"modified":"2026-01-13T08:13:51","modified_gmt":"2026-01-13T08:13:51","slug":"mill-pin-static","status":"publish","type":"product","link":"https:\/\/en.hkzngk.com\/es\/producto\/mill-pin-static\/","title":{"rendered":"Bead Mill -Pin Rotor\/Fixed Screen (SM-SR)"},"content":{"rendered":"<p><strong>C\u00f3mo funciona<\/strong><\/p>\n<p>La pulpa fluye horizontalmente a trav\u00e9s del molino de bolas desde la entrada ubicada en el lado del motor de la c\u00e1mara de molienda.<\/p>\n<p>Durante el proceso, las part\u00edculas de la pulpa chocan, frotan, cortan y muelen continuamente con las bolas hasta alcanzar el tama\u00f1o deseado.<\/p>\n<p>Finalmente, la pulpa con el tama\u00f1o de part\u00edcula deseado fluye a trav\u00e9s del tamiz situado en la parte trasera de la c\u00e1mara de molienda.<\/p>\n<p><strong>Caracter\u00edsticas<\/strong><\/p>\n<p>Molienda de materiales a nivel nanom\u00e9trico (1 \u03bcm-200 nm)<\/p>\n<p>Se utiliza en el procesamiento de pr\u00e1cticamente cualquier producto que requiera molienda ultrafina y es adecuado para pr\u00e1cticamente cualquier viscosidad.<\/p>\n<p>Utiliza medios de molienda de zirconio de 0,1 mm a 2,0 mm y diversos tipos de disolventes, seg\u00fan las propiedades del producto.<\/p>\n<p>Diversos materiales para los componentes en contacto con el producto, que cumplen con diferentes requisitos, como zirconio, poliuretano y acero aleado para el rotor, y poliuretano, zirconio, carburo de silicio y acero inoxidable para la capa interna de la c\u00e1mara de molienda.<\/p>\n<p>Capa de refrigeraci\u00f3n optimizada instalada externamente a la c\u00e1mara de molienda, serpent\u00edn de refrigeraci\u00f3n debajo del tamiz y dispositivo de refrigeraci\u00f3n para el sello mec\u00e1nico para controlar el aumento de temperatura por debajo de 20 grados.<\/p>","protected":false},"excerpt":{"rendered":"<p>The pin rotor ball mill is the most traditional and widely used worldwide. It is used for grinding materials such as paint, varnish, pesticides, ores, etc.<\/p>\n<p>Benchmarking the renowned brand Netzch, HKZN manufactures its high-quality pin rotor ball mill in all aspects, for example, a central shaft that rotates smoothly at high speed under the drive of an electric motor, a leak-proof mechanical sealing system, and a cooling system installed in the grinding chamber and feeding system, etc.<\/p>\n<p>Because of its good quality and great cost-effectiveness, the HKZN pin rotor ball mill has been chosen by several important customers; for example, BYD is using HKZN ball mills to grind LFP material for the production of batteries for its electric cars.<\/p>\n<p>In addition to the traditional structure, HKZN also has several innovations, such as a rotating screen to prevent clogging, and an ultra-long shaft driven by a permanent magnet motor to support the 1000 L grinding chamber. Please visit the pages of our other products for more information.<\/p>","protected":false},"featured_media":8203,"comment_status":"closed","ping_status":"closed","template":"","meta":{"_seopress_robots_primary_cat":"none","_seopress_titles_title":"","_seopress_titles_desc":"","_seopress_robots_index":"","site-sidebar-layout":"default","site-content-layout":"","ast-site-content-layout":"default","site-content-style":"default","site-sidebar-style":"default","ast-global-header-display":"","ast-banner-title-visibility":"","ast-main-header-display":"","ast-hfb-above-header-display":"","ast-hfb-below-header-display":"","ast-hfb-mobile-header-display":"","site-post-title":"","ast-breadcrumbs-content":"","ast-featured-img":"","footer-sml-layout":"","theme-transparent-header-meta":"default","adv-header-id-meta":"","stick-header-meta":"default","header-above-stick-meta":"","header-main-stick-meta":"","header-below-stick-meta":"","astra-migrate-meta-layouts":"set","ast-page-background-enabled":"default","ast-page-background-meta":{"desktop":{"background-color":"var(--ast-global-color-4)","background-image":"","background-repeat":"repeat","background-position":"center center","background-size":"auto","background-attachment":"scroll","background-type":"","background-media":"","overlay-type":"","overlay-color":"","overlay-opacity":"","overlay-gradient":""},"tablet":{"background-color":"","background-image":"","background-repeat":"repeat","background-position":"center center","background-size":"auto","background-attachment":"scroll","background-type":"","background-media":"","overlay-type":"","overlay-color":"","overlay-opacity":"","overlay-gradient":""},"mobile":{"background-color":"","background-image":"","background-repeat":"repeat","background-position":"center center","background-size":"auto","background-attachment":"scroll","background-type":"","background-media":"","overlay-type":"","overlay-color":"","overlay-opacity":"","overlay-gradient":""}},"ast-content-background-meta":{"desktop":{"background-color":"var(--ast-global-color-5)","background-image":"","background-repeat":"repeat","background-position":"center center","background-size":"auto","background-attachment":"scroll","background-type":"","background-media":"","overlay-type":"","overlay-color":"","overlay-opacity":"","overlay-gradient":""},"tablet":{"background-color":"var(--ast-global-color-5)","background-image":"","background-repeat":"repeat","background-position":"center center","background-size":"auto","background-attachment":"scroll","background-type":"","background-media":"","overlay-type":"","overlay-color":"","overlay-opacity":"","overlay-gradient":""},"mobile":{"background-color":"var(--ast-global-color-5)","background-image":"","background-repeat":"repeat","background-position":"center center","background-size":"auto","background-attachment":"scroll","background-type":"","background-media":"","overlay-type":"","overlay-color":"","overlay-opacity":"","overlay-gradient":""}}},"product_brand":[],"product_cat":[61,52],"product_tag":[],"class_list":{"0":"post-8199","1":"product","2":"type-product","3":"status-publish","4":"has-post-thumbnail","6":"product_cat-acim-motor-model-sr","7":"product_cat-nano-pin-bead-mill","8":"desktop-align-center","9":"tablet-align-left","10":"mobile-align-left","11":"ast-product-gallery-layout-horizontal-slider","12":"ast-product-tabs-layout-horizontal","14":"first","15":"instock","16":"featured","17":"shipping-taxable","18":"product-type-simple"},"_links":{"self":[{"href":"https:\/\/en.hkzngk.com\/es\/wp-json\/wp\/v2\/product\/8199","targetHints":{"allow":["GET"]}}],"collection":[{"href":"https:\/\/en.hkzngk.com\/es\/wp-json\/wp\/v2\/product"}],"about":[{"href":"https:\/\/en.hkzngk.com\/es\/wp-json\/wp\/v2\/types\/product"}],"replies":[{"embeddable":true,"href":"https:\/\/en.hkzngk.com\/es\/wp-json\/wp\/v2\/comments?post=8199"}],"wp:featuredmedia":[{"embeddable":true,"href":"https:\/\/en.hkzngk.com\/es\/wp-json\/wp\/v2\/media\/8203"}],"wp:attachment":[{"href":"https:\/\/en.hkzngk.com\/es\/wp-json\/wp\/v2\/media?parent=8199"}],"wp:term":[{"taxonomy":"product_brand","embeddable":true,"href":"https:\/\/en.hkzngk.com\/es\/wp-json\/wp\/v2\/product_brand?post=8199"},{"taxonomy":"product_cat","embeddable":true,"href":"https:\/\/en.hkzngk.com\/es\/wp-json\/wp\/v2\/product_cat?post=8199"},{"taxonomy":"product_tag","embeddable":true,"href":"https:\/\/en.hkzngk.com\/es\/wp-json\/wp\/v2\/product_tag?post=8199"}],"curies":[{"name":"wp","href":"https:\/\/api.w.org\/{rel}","templated":true}]}}