{"id":8247,"date":"2025-10-28T04:04:24","date_gmt":"2025-10-28T04:04:24","guid":{"rendered":"http:\/\/hk.sdwailian.com\/?post_type=product&#038;p=8247"},"modified":"2026-03-11T06:12:40","modified_gmt":"2026-03-11T06:12:40","slug":"sm-st-nano-bead-mill-turbine-rotor-static-screen","status":"publish","type":"product","link":"https:\/\/en.hkzngk.com\/es\/producto\/sm-st-nano-bead-mill-turbine-rotor-static-screen\/","title":{"rendered":"Moinho de Esferas de Rotor de Turbina e Tela Fixa (SM-ST)"},"content":{"rendered":"<p><strong>How it works :<\/strong><\/p>\n<p>La pulpa fluye horizontalmente a trav\u00e9s del molino de bolas desde la entrada ubicada en el lado del motor de la c\u00e1mara de molienda.<\/p>\n<p>Cuando la turbina gira a alta velocidad, ejerce una fuerte fuerza centr\u00edfuga y una fuerza de chorro radial sobre las esferas de pulpa y filtro.<\/p>\n<p>The media balls are &#8220;caught&#8221; by the turbine blades and thrown out at high speed along the radial direction of the blades, hitting the wall of the grinding chamber and then returning, thus forming a relatively fixed and orderly large circulation loop in the grinding chamber.<\/p>\n<p>Finalmente, la pulpa con el tama\u00f1o de part\u00edcula deseado fluye a trav\u00e9s del tamiz situado en la parte trasera de la c\u00e1mara de molienda.<\/p>\n<p><strong>Caracter\u00edsticas<\/strong><\/p>\n<p>Molienda de materiales a nivel nanom\u00e9trico (1 \u03bcm-200 nm)<\/p>\n<p>Se utiliza en el procesamiento de pr\u00e1cticamente cualquier producto que requiera molienda ultrafina y es adecuado para pr\u00e1cticamente cualquier viscosidad.<\/p>\n<p>Utiliza medios de molienda de zirconio de 0,1 mm a 2,0 mm y diversos tipos de disolventes, seg\u00fan las propiedades del producto.<\/p>\n<p>Diversos materiales para los componentes en contacto con el producto, que cumplen con diferentes requisitos, como zirconio, poliuretano y acero aleado para el rotor, y poliuretano, zirconio, carburo de silicio y acero inoxidable para la capa interna de la c\u00e1mara de molienda.<\/p>\n<p>Capa de refrigeraci\u00f3n optimizada instalada externamente a la c\u00e1mara de molienda, serpent\u00edn de refrigeraci\u00f3n debajo del tamiz y dispositivo de refrigeraci\u00f3n para el sello mec\u00e1nico para controlar el aumento de temperatura por debajo de 20 grados.<\/p>","protected":false},"excerpt":{"rendered":"<p>Nano horizontal agitator bead mill with turbine-type rotor and fixed screen mounted on the rear of grinding chamber.<\/p>\n<p>From 0.6 L to 400 L, several models with different volume of chamber to meet your demand<\/p>\n<p>Ampliamente utilizado en nuevos proyectos energ\u00e9ticos en China, como la molienda de fosfato de hierro y litio, una de las aplicaciones m\u00e1s exigentes.<\/p>","protected":false},"featured_media":8203,"comment_status":"closed","ping_status":"closed","template":"","meta":{"_seopress_robots_primary_cat":"none","_seopress_titles_title":"","_seopress_titles_desc":"","_seopress_robots_index":"","site-sidebar-layout":"default","site-content-layout":"","ast-site-content-layout":"default","site-content-style":"default","site-sidebar-style":"default","ast-global-header-display":"","ast-banner-title-visibility":"","ast-main-header-display":"","ast-hfb-above-header-display":"","ast-hfb-below-header-display":"","ast-hfb-mobile-header-display":"","site-post-title":"","ast-breadcrumbs-content":"","ast-featured-img":"","footer-sml-layout":"","theme-transparent-header-meta":"default","adv-header-id-meta":"","stick-header-meta":"default","header-above-stick-meta":"","header-main-stick-meta":"","header-below-stick-meta":"","astra-migrate-meta-layouts":"set","ast-page-background-enabled":"default","ast-page-background-meta":{"desktop":{"background-color":"var(--ast-global-color-4)","background-image":"","background-repeat":"repeat","background-position":"center center","background-size":"auto","background-attachment":"scroll","background-type":"","background-media":"","overlay-type":"","overlay-color":"","overlay-opacity":"","overlay-gradient":""},"tablet":{"background-color":"","background-image":"","background-repeat":"repeat","background-position":"center center","background-size":"auto","background-attachment":"scroll","background-type":"","background-media":"","overlay-type":"","overlay-color":"","overlay-opacity":"","overlay-gradient":""},"mobile":{"background-color":"","background-image":"","background-repeat":"repeat","background-position":"center center","background-size":"auto","background-attachment":"scroll","background-type":"","background-media":"","overlay-type":"","overlay-color":"","overlay-opacity":"","overlay-gradient":""}},"ast-content-background-meta":{"desktop":{"background-color":"var(--ast-global-color-5)","background-image":"","background-repeat":"repeat","background-position":"center center","background-size":"auto","background-attachment":"scroll","background-type":"","background-media":"","overlay-type":"","overlay-color":"","overlay-opacity":"","overlay-gradient":""},"tablet":{"background-color":"var(--ast-global-color-5)","background-image":"","background-repeat":"repeat","background-position":"center center","background-size":"auto","background-attachment":"scroll","background-type":"","background-media":"","overlay-type":"","overlay-color":"","overlay-opacity":"","overlay-gradient":""},"mobile":{"background-color":"var(--ast-global-color-5)","background-image":"","background-repeat":"repeat","background-position":"center center","background-size":"auto","background-attachment":"scroll","background-type":"","background-media":"","overlay-type":"","overlay-color":"","overlay-opacity":"","overlay-gradient":""}}},"product_brand":[],"product_cat":[80,53],"product_tag":[],"class_list":{"0":"post-8247","1":"product","2":"type-product","3":"status-publish","4":"has-post-thumbnail","6":"product_cat-acim-motor-model-st-fixed-screen-model","7":"product_cat-nano-turbine-bead-mill","8":"desktop-align-center","9":"tablet-align-left","10":"mobile-align-left","11":"ast-product-gallery-layout-horizontal-slider","12":"ast-product-tabs-layout-horizontal","14":"first","15":"instock","16":"shipping-taxable","17":"product-type-simple"},"_links":{"self":[{"href":"https:\/\/en.hkzngk.com\/es\/wp-json\/wp\/v2\/product\/8247","targetHints":{"allow":["GET"]}}],"collection":[{"href":"https:\/\/en.hkzngk.com\/es\/wp-json\/wp\/v2\/product"}],"about":[{"href":"https:\/\/en.hkzngk.com\/es\/wp-json\/wp\/v2\/types\/product"}],"replies":[{"embeddable":true,"href":"https:\/\/en.hkzngk.com\/es\/wp-json\/wp\/v2\/comments?post=8247"}],"wp:featuredmedia":[{"embeddable":true,"href":"https:\/\/en.hkzngk.com\/es\/wp-json\/wp\/v2\/media\/8203"}],"wp:attachment":[{"href":"https:\/\/en.hkzngk.com\/es\/wp-json\/wp\/v2\/media?parent=8247"}],"wp:term":[{"taxonomy":"product_brand","embeddable":true,"href":"https:\/\/en.hkzngk.com\/es\/wp-json\/wp\/v2\/product_brand?post=8247"},{"taxonomy":"product_cat","embeddable":true,"href":"https:\/\/en.hkzngk.com\/es\/wp-json\/wp\/v2\/product_cat?post=8247"},{"taxonomy":"product_tag","embeddable":true,"href":"https:\/\/en.hkzngk.com\/es\/wp-json\/wp\/v2\/product_tag?post=8247"}],"curies":[{"name":"wp","href":"https:\/\/api.w.org\/{rel}","templated":true}]}}