{"id":8296,"date":"2025-11-01T14:41:42","date_gmt":"2025-11-01T14:41:42","guid":{"rendered":"http:\/\/hk.sdwailian.com\/?post_type=product&#038;p=8296"},"modified":"2026-03-11T08:11:10","modified_gmt":"2026-03-11T08:11:10","slug":"sm-dstr-nano-bead-mill-turbinepin-rotor-fixed-screen-pmsm-motor","status":"publish","type":"product","link":"https:\/\/en.hkzngk.com\/es\/producto\/sm-dstr-nano-bead-mill-turbinepin-rotor-fixed-screen-pmsm-motor\/","title":{"rendered":"Mionho de Esferas de PMSM Motor\/Pino+Turbina (DSTR)"},"content":{"rendered":"<p><strong>C\u00f3mo funciona:<\/strong><\/p>\n<p>La pulpa fluye horizontalmente a trav\u00e9s del molino de bolas desde la entrada ubicada en el lado del motor de la c\u00e1mara de molienda.<\/p>\n<p>The turbine rotor generates powerful axial flow and intense shear forces, acting as a highly efficient premixer and disperser, quickly breaking up agglomerated powders and completing preliminary dispersion and mixing.<\/p>\n<p>The following pin rotor generates extremely high shear forces and collision rates, grinding the remaining coarse particles or aggregates to extremely fine levels, and finally, the product of target particle size flow through the screen fixed on the rear of the grinding chamber.<\/p>\n<p>A diferencia del molino de bolas tradicional, accionado por un motor as\u00edncrono trif\u00e1sico, este se acciona mediante un motor s\u00edncrono de imanes permanentes.<\/p>\n<p><strong>Caracter\u00edsticas<\/strong><\/p>\n<p>Molienda de materiales a nivel nanom\u00e9trico (1 \u03bcm-200 nm)<\/p>\n<p>Se utiliza en el procesamiento de pr\u00e1cticamente cualquier producto que requiera molienda ultrafina y es adecuado para pr\u00e1cticamente cualquier viscosidad.<\/p>\n<p>Utiliza medios de molienda de zirconio de 0,1 mm a 2,0 mm y diversos tipos de disolventes, seg\u00fan las propiedades del producto.<\/p>\n<p>Diversos materiales para los componentes en contacto con el producto, que cumplen con diferentes requisitos, como zirconio, poliuretano y acero aleado para el rotor, y poliuretano, zirconio, carburo de silicio y acero inoxidable para la capa interna de la c\u00e1mara de molienda.<\/p>\n<p>Capa de refrigeraci\u00f3n optimizada instalada externamente a la c\u00e1mara de molienda, serpent\u00edn de refrigeraci\u00f3n debajo del tamiz y dispositivo de refrigeraci\u00f3n para el sello mec\u00e1nico para controlar el aumento de temperatura por debajo de 20 grados.<\/p>","protected":false},"excerpt":{"rendered":"<p>Molino de bolas nanom\u00e9trico horizontal con rotor de pasador y pantalla fija montado en la parte trasera de la c\u00e1mara de molienda.<\/p>\n<p>C\u00e1maras de molienda de 400 y 600 L<\/p>\n<p>Tecnolog\u00eda innovadora en la industria de la nanomolienda que combina las ventajas de dos tipos de motores: de pasador y de turbina.<\/p>\n<p>A diferencia del molino de bolas tradicional, accionado por un motor as\u00edncrono trif\u00e1sico, este se acciona mediante un motor s\u00edncrono de imanes permanentes.<\/p>","protected":false},"featured_media":8297,"comment_status":"closed","ping_status":"closed","template":"","meta":{"_seopress_robots_primary_cat":"none","_seopress_titles_title":"","_seopress_titles_desc":"","_seopress_robots_index":"","site-sidebar-layout":"default","site-content-layout":"","ast-site-content-layout":"default","site-content-style":"default","site-sidebar-style":"default","ast-global-header-display":"","ast-banner-title-visibility":"","ast-main-header-display":"","ast-hfb-above-header-display":"","ast-hfb-below-header-display":"","ast-hfb-mobile-header-display":"","site-post-title":"","ast-breadcrumbs-content":"","ast-featured-img":"","footer-sml-layout":"","theme-transparent-header-meta":"default","adv-header-id-meta":"","stick-header-meta":"default","header-above-stick-meta":"","header-main-stick-meta":"","header-below-stick-meta":"","astra-migrate-meta-layouts":"set","ast-page-background-enabled":"default","ast-page-background-meta":{"desktop":{"background-color":"var(--ast-global-color-4)","background-image":"","background-repeat":"repeat","background-position":"center center","background-size":"auto","background-attachment":"scroll","background-type":"","background-media":"","overlay-type":"","overlay-color":"","overlay-opacity":"","overlay-gradient":""},"tablet":{"background-color":"","background-image":"","background-repeat":"repeat","background-position":"center center","background-size":"auto","background-attachment":"scroll","background-type":"","background-media":"","overlay-type":"","overlay-color":"","overlay-opacity":"","overlay-gradient":""},"mobile":{"background-color":"","background-image":"","background-repeat":"repeat","background-position":"center center","background-size":"auto","background-attachment":"scroll","background-type":"","background-media":"","overlay-type":"","overlay-color":"","overlay-opacity":"","overlay-gradient":""}},"ast-content-background-meta":{"desktop":{"background-color":"var(--ast-global-color-5)","background-image":"","background-repeat":"repeat","background-position":"center center","background-size":"auto","background-attachment":"scroll","background-type":"","background-media":"","overlay-type":"","overlay-color":"","overlay-opacity":"","overlay-gradient":""},"tablet":{"background-color":"var(--ast-global-color-5)","background-image":"","background-repeat":"repeat","background-position":"center center","background-size":"auto","background-attachment":"scroll","background-type":"","background-media":"","overlay-type":"","overlay-color":"","overlay-opacity":"","overlay-gradient":""},"mobile":{"background-color":"var(--ast-global-color-5)","background-image":"","background-repeat":"repeat","background-position":"center center","background-size":"auto","background-attachment":"scroll","background-type":"","background-media":"","overlay-type":"","overlay-color":"","overlay-opacity":"","overlay-gradient":""}}},"product_brand":[],"product_cat":[54,71],"product_tag":[],"class_list":{"0":"post-8296","1":"product","2":"type-product","3":"status-publish","4":"has-post-thumbnail","6":"product_cat-nano-turbine-pin-bead-mill","7":"product_cat-pmsm-motor-model-dstr","8":"desktop-align-center","9":"tablet-align-left","10":"mobile-align-left","11":"ast-product-gallery-layout-horizontal-slider","12":"ast-product-tabs-layout-horizontal","14":"first","15":"instock","16":"shipping-taxable","17":"product-type-simple"},"_links":{"self":[{"href":"https:\/\/en.hkzngk.com\/es\/wp-json\/wp\/v2\/product\/8296","targetHints":{"allow":["GET"]}}],"collection":[{"href":"https:\/\/en.hkzngk.com\/es\/wp-json\/wp\/v2\/product"}],"about":[{"href":"https:\/\/en.hkzngk.com\/es\/wp-json\/wp\/v2\/types\/product"}],"replies":[{"embeddable":true,"href":"https:\/\/en.hkzngk.com\/es\/wp-json\/wp\/v2\/comments?post=8296"}],"wp:featuredmedia":[{"embeddable":true,"href":"https:\/\/en.hkzngk.com\/es\/wp-json\/wp\/v2\/media\/8297"}],"wp:attachment":[{"href":"https:\/\/en.hkzngk.com\/es\/wp-json\/wp\/v2\/media?parent=8296"}],"wp:term":[{"taxonomy":"product_brand","embeddable":true,"href":"https:\/\/en.hkzngk.com\/es\/wp-json\/wp\/v2\/product_brand?post=8296"},{"taxonomy":"product_cat","embeddable":true,"href":"https:\/\/en.hkzngk.com\/es\/wp-json\/wp\/v2\/product_cat?post=8296"},{"taxonomy":"product_tag","embeddable":true,"href":"https:\/\/en.hkzngk.com\/es\/wp-json\/wp\/v2\/product_tag?post=8296"}],"curies":[{"name":"wp","href":"https:\/\/api.w.org\/{rel}","templated":true}]}}