{"id":8554,"date":"2025-12-22T09:02:11","date_gmt":"2025-12-22T09:02:11","guid":{"rendered":"https:\/\/en.hkzngk.com\/?post_type=product&#038;p=8554"},"modified":"2026-03-18T08:50:37","modified_gmt":"2026-03-18T08:50:37","slug":"sm-vr-vertical-bead-mill","status":"publish","type":"product","link":"https:\/\/en.hkzngk.com\/es\/producto\/sm-vr-vertical-bead-mill\/","title":{"rendered":"Moinho de Esferas Vertical (SM-VR\uff09"},"content":{"rendered":"<p>Vertical grinding mills primarily operate on the principle of &#8220;a stirring shaft driving the grinding media at high speed, generating shearing, compressing, and impact forces.&#8221;<\/p>\n<p>Grinding Zone: Inside the grinding drum containing grinding media (such as zirconia beads), a motor-driven spindle rotates a dispersing disc (or pin) at high speed.<\/p>\n<p>Force Action: The rotating dispersing disc causes the grinding media to move violently, generating extremely high shearing and impact forces between the media.<\/p>\n<p>Material Handling: Premixed slurry (material and liquid media) is pumped into the grinding drum from the bottom by a feed pump. During the upward movement of the slurry, solid particles are repeatedly sheared, impacted, and compressed by the moving grinding media, thus being crushed and dispersed. Material meeting the required fineness flows out through the top separation device (screen or slotted dynamic separator), while particles that do not meet the required fineness remain inside the drum for further grinding.<\/p>\n<p>Grinding Process: The slurry moves from bottom to top within the drum, undergoing repeated action by the grinding media. The spindle speed, material flow rate, media type, and filling rate collectively determine the grinding intensity and residence time.<\/p>\n<p>Discharge and Separation: After grinding, the slurry reaches the top of the cylinder. A separation device effectively blocks the grinding media within the grinding chamber, allowing only the slurry with the required fineness to flow out and enter the finished product container or proceed to the next grinding process.<\/p>\n<p>&nbsp;<\/p>","protected":false},"excerpt":{"rendered":"<p>Os moinhos de esferas verticais s\u00e3o equipamentos de moagem \u00famida e dispers\u00e3o altamente eficientes, amplamente utilizados em ind\u00fastrias como revestimentos, tintas, corantes, pesticidas, pastas eletr\u00f4nicas e cosm\u00e9ticos.<\/p>\n<p>Sua fun\u00e7\u00e3o principal \u00e9 moer part\u00edculas s\u00f3lidas em um meio l\u00edquido at\u00e9 uma finura de m\u00edcrons ou mesmo nan\u00f4metros, obtendo-se uma dispers\u00e3o uniforme.<\/p>\n<p>Estrutura simples e baixo custo: Os custos iniciais de investimento e manuten\u00e7\u00e3o s\u00e3o normalmente menores do que os de modelos horizontais com as mesmas especifica\u00e7\u00f5es.<\/p>\n<p>Alta confiabilidade de veda\u00e7\u00e3o: A veda\u00e7\u00e3o superior est\u00e1 em boas condi\u00e7\u00f5es de funcionamento, com baixo risco de vazamento e longos intervalos de manuten\u00e7\u00e3o.<\/p>\n<p>Opera\u00e7\u00e3o e manuten\u00e7\u00e3o f\u00e1ceis: Abrir a tampa, adicionar e limpar o meio de cultura \u00e9 muito pr\u00e1tico.<\/p>\n<p>Sem problemas de \"resist\u00eancia do ar\": o fluxo de material \u00e9 coordenado com a gravidade, resultando em uma descarga suave e opera\u00e7\u00e3o est\u00e1vel.<\/p>","protected":false},"featured_media":8558,"comment_status":"closed","ping_status":"closed","template":"","meta":{"_seopress_robots_primary_cat":"none","_seopress_titles_title":"","_seopress_titles_desc":"","_seopress_robots_index":"","site-sidebar-layout":"default","site-content-layout":"","ast-site-content-layout":"default","site-content-style":"default","site-sidebar-style":"default","ast-global-header-display":"","ast-banner-title-visibility":"","ast-main-header-display":"","ast-hfb-above-header-display":"","ast-hfb-below-header-display":"","ast-hfb-mobile-header-display":"","site-post-title":"","ast-breadcrumbs-content":"","ast-featured-img":"","footer-sml-layout":"","theme-transparent-header-meta":"default","adv-header-id-meta":"","stick-header-meta":"default","header-above-stick-meta":"","header-main-stick-meta":"","header-below-stick-meta":"","astra-migrate-meta-layouts":"set","ast-page-background-enabled":"default","ast-page-background-meta":{"desktop":{"background-color":"var(--ast-global-color-4)","background-image":"","background-repeat":"repeat","background-position":"center center","background-size":"auto","background-attachment":"scroll","background-type":"","background-media":"","overlay-type":"","overlay-color":"","overlay-opacity":"","overlay-gradient":""},"tablet":{"background-color":"","background-image":"","background-repeat":"repeat","background-position":"center center","background-size":"auto","background-attachment":"scroll","background-type":"","background-media":"","overlay-type":"","overlay-color":"","overlay-opacity":"","overlay-gradient":""},"mobile":{"background-color":"","background-image":"","background-repeat":"repeat","background-position":"center center","background-size":"auto","background-attachment":"scroll","background-type":"","background-media":"","overlay-type":"","overlay-color":"","overlay-opacity":"","overlay-gradient":""}},"ast-content-background-meta":{"desktop":{"background-color":"var(--ast-global-color-5)","background-image":"","background-repeat":"repeat","background-position":"center center","background-size":"auto","background-attachment":"scroll","background-type":"","background-media":"","overlay-type":"","overlay-color":"","overlay-opacity":"","overlay-gradient":""},"tablet":{"background-color":"var(--ast-global-color-5)","background-image":"","background-repeat":"repeat","background-position":"center center","background-size":"auto","background-attachment":"scroll","background-type":"","background-media":"","overlay-type":"","overlay-color":"","overlay-opacity":"","overlay-gradient":""},"mobile":{"background-color":"var(--ast-global-color-5)","background-image":"","background-repeat":"repeat","background-position":"center center","background-size":"auto","background-attachment":"scroll","background-type":"","background-media":"","overlay-type":"","overlay-color":"","overlay-opacity":"","overlay-gradient":""}}},"product_brand":[],"product_cat":[56,74],"product_tag":[],"class_list":{"0":"post-8554","1":"product","2":"type-product","3":"status-publish","4":"has-post-thumbnail","6":"product_cat-vertical-bead-mill","7":"product_cat-vertical-bead-millvr","8":"desktop-align-center","9":"tablet-align-left","10":"mobile-align-left","11":"ast-product-gallery-layout-horizontal-slider","12":"ast-product-tabs-layout-horizontal","14":"first","15":"instock","16":"shipping-taxable","17":"product-type-simple"},"_links":{"self":[{"href":"https:\/\/en.hkzngk.com\/es\/wp-json\/wp\/v2\/product\/8554","targetHints":{"allow":["GET"]}}],"collection":[{"href":"https:\/\/en.hkzngk.com\/es\/wp-json\/wp\/v2\/product"}],"about":[{"href":"https:\/\/en.hkzngk.com\/es\/wp-json\/wp\/v2\/types\/product"}],"replies":[{"embeddable":true,"href":"https:\/\/en.hkzngk.com\/es\/wp-json\/wp\/v2\/comments?post=8554"}],"wp:featuredmedia":[{"embeddable":true,"href":"https:\/\/en.hkzngk.com\/es\/wp-json\/wp\/v2\/media\/8558"}],"wp:attachment":[{"href":"https:\/\/en.hkzngk.com\/es\/wp-json\/wp\/v2\/media?parent=8554"}],"wp:term":[{"taxonomy":"product_brand","embeddable":true,"href":"https:\/\/en.hkzngk.com\/es\/wp-json\/wp\/v2\/product_brand?post=8554"},{"taxonomy":"product_cat","embeddable":true,"href":"https:\/\/en.hkzngk.com\/es\/wp-json\/wp\/v2\/product_cat?post=8554"},{"taxonomy":"product_tag","embeddable":true,"href":"https:\/\/en.hkzngk.com\/es\/wp-json\/wp\/v2\/product_tag?post=8554"}],"curies":[{"name":"wp","href":"https:\/\/api.w.org\/{rel}","templated":true}]}}