{"id":8580,"date":"2026-01-27T09:21:57","date_gmt":"2026-01-27T09:21:57","guid":{"rendered":"https:\/\/en.hkzngk.com\/?post_type=product&#038;p=8580"},"modified":"2026-01-27T09:21:58","modified_gmt":"2026-01-27T09:21:58","slug":"moinho-de-isa-mill","status":"publish","type":"product","link":"https:\/\/en.hkzngk.com\/fr\/produit\/moinho-de-isa-mill\/","title":{"rendered":"Moinho de ISA Mill"},"content":{"rendered":"<p>Como funciona o Moinho de Isa\u00a0Mill<\/p>\n<p>&nbsp;<\/p>\n<p>O IsaMill \u00e9 um moinho de moagem fina horizontal altamente eficiente, projetado para aprimorar o processo de moagem no processamento de minerais.<\/p>\n<p>&nbsp;<\/p>\n<p>Manuten\u00e7\u00e3o f\u00e1cil: O Moinho de Isa\u00a0Mill\u00a0foi projetado para facilitar a manuten\u00e7\u00e3o, sem preocupa\u00e7\u00f5es com altura (manuten\u00e7\u00e3o de moinho de torre) e com acesso r\u00e1pido aos componentes em minutos.<\/p>\n<p>&nbsp;<\/p>\n<p>Configura\u00e7\u00e3o de circuito aberto: Sua configura\u00e7\u00e3o de circuito aberto proporciona uma distribui\u00e7\u00e3o granulom\u00e9trica acentuada, eliminando a necessidade de peneiras internas ou ciclones de circuito fechado.<\/p>\n<p>&nbsp;<\/p>\n<p>Alta intensidade: O Moinho de Isa\u00a0Mill proporciona moagem de alta intensidade, garantindo o processamento eficaz e eficiente dos materiais.<\/p>\n<p>&nbsp;<\/p>\n<p>Recupera\u00e7\u00e3o aprimorada: O design horizontal de fluxo cont\u00ednuo evita curto-circuitos, garantindo opera\u00e7\u00e3o confi\u00e1vel e melhorando o desempenho de flota\u00e7\u00e3o e lixivia\u00e7\u00e3o a jusante.<\/p>","protected":false},"excerpt":{"rendered":"<p>O\u00a0Moinho de\u00a0Isa\u00a0Mil produz maior intensidade de pot\u00eancia do que moinhos de bolas\u00a0tradicionais.<\/p>\n<p>O moinho de Isa\u00a0Mill atual tamb\u00e9m \u00e9 leve. Um volume modesto de concreto e a\u00e7o estrutural \u00e9 utilizado, e toda a unidade fica sobre uma plataforma de um andar. Isso significa que ele tem cerca de um ter\u00e7o da altura e do peso de moinhos de moagem similares dispon\u00edveis.<\/p>\n<p>O moinho de Isa Mill\u00a0produz a distribui\u00e7\u00e3o de tamanho de part\u00edculas mais consistente e precisa em uma configura\u00e7\u00e3o simples de circuito aberto.<\/p>\n<p>Operar e manter o moinho de Isa\u00a0Mill \u00e9 seguro, simples e confi\u00e1vel. \u00c9 r\u00e1pido de instalar, flex\u00edvel em opera\u00e7\u00e3o e f\u00e1cil de manter.<\/p>\n<p>O Moinho de Isa\u00a0Mill \u00e9 amplamente utilizado em metais b\u00e1sicos (cobre, alum\u00ednio\/bauxita, chumbo, zinco e n\u00edquel), min\u00e9rio de ferro, aplica\u00e7\u00f5es industriais e plantas de processamento de ouro, sendo a melhor escolha para remoagem de concentrados, moagem fina ou ultrafina e moagem convencional.<\/p>\n<p>&nbsp;<\/p>","protected":false},"featured_media":8585,"comment_status":"open","ping_status":"closed","template":"","meta":{"_seopress_robots_primary_cat":"","_seopress_titles_title":"","_seopress_titles_desc":"","_seopress_robots_index":"","site-sidebar-layout":"default","site-content-layout":"","ast-site-content-layout":"default","site-content-style":"default","site-sidebar-style":"default","ast-global-header-display":"","ast-banner-title-visibility":"","ast-main-header-display":"","ast-hfb-above-header-display":"","ast-hfb-below-header-display":"","ast-hfb-mobile-header-display":"","site-post-title":"","ast-breadcrumbs-content":"","ast-featured-img":"","footer-sml-layout":"","theme-transparent-header-meta":"default","adv-header-id-meta":"","stick-header-meta":"default","header-above-stick-meta":"","header-main-stick-meta":"","header-below-stick-meta":"","astra-migrate-meta-layouts":"set","ast-page-background-enabled":"default","ast-page-background-meta":{"desktop":{"background-color":"var(--ast-global-color-4)","background-image":"","background-repeat":"repeat","background-position":"center center","background-size":"auto","background-attachment":"scroll","background-type":"","background-media":"","overlay-type":"","overlay-color":"","overlay-opacity":"","overlay-gradient":""},"tablet":{"background-color":"","background-image":"","background-repeat":"repeat","background-position":"center center","background-size":"auto","background-attachment":"scroll","background-type":"","background-media":"","overlay-type":"","overlay-color":"","overlay-opacity":"","overlay-gradient":""},"mobile":{"background-color":"","background-image":"","background-repeat":"repeat","background-position":"center center","background-size":"auto","background-attachment":"scroll","background-type":"","background-media":"","overlay-type":"","overlay-color":"","overlay-opacity":"","overlay-gradient":""}},"ast-content-background-meta":{"desktop":{"background-color":"var(--ast-global-color-5)","background-image":"","background-repeat":"repeat","background-position":"center center","background-size":"auto","background-attachment":"scroll","background-type":"","background-media":"","overlay-type":"","overlay-color":"","overlay-opacity":"","overlay-gradient":""},"tablet":{"background-color":"var(--ast-global-color-5)","background-image":"","background-repeat":"repeat","background-position":"center center","background-size":"auto","background-attachment":"scroll","background-type":"","background-media":"","overlay-type":"","overlay-color":"","overlay-opacity":"","overlay-gradient":""},"mobile":{"background-color":"var(--ast-global-color-5)","background-image":"","background-repeat":"repeat","background-position":"center center","background-size":"auto","background-attachment":"scroll","background-type":"","background-media":"","overlay-type":"","overlay-color":"","overlay-opacity":"","overlay-gradient":""}}},"product_brand":[],"product_cat":[85],"product_tag":[],"class_list":{"0":"post-8580","1":"product","2":"type-product","3":"status-publish","4":"has-post-thumbnail","6":"product_cat-others","7":"desktop-align-center","8":"tablet-align-left","9":"mobile-align-left","10":"ast-product-gallery-layout-horizontal-slider","11":"ast-product-gallery-with-no-image","12":"ast-product-tabs-layout-horizontal","14":"first","15":"instock","16":"shipping-taxable","17":"product-type-simple"},"_links":{"self":[{"href":"https:\/\/en.hkzngk.com\/fr\/wp-json\/wp\/v2\/product\/8580","targetHints":{"allow":["GET"]}}],"collection":[{"href":"https:\/\/en.hkzngk.com\/fr\/wp-json\/wp\/v2\/product"}],"about":[{"href":"https:\/\/en.hkzngk.com\/fr\/wp-json\/wp\/v2\/types\/product"}],"replies":[{"embeddable":true,"href":"https:\/\/en.hkzngk.com\/fr\/wp-json\/wp\/v2\/comments?post=8580"}],"wp:featuredmedia":[{"embeddable":true,"href":"https:\/\/en.hkzngk.com\/fr\/wp-json\/wp\/v2\/media\/8585"}],"wp:attachment":[{"href":"https:\/\/en.hkzngk.com\/fr\/wp-json\/wp\/v2\/media?parent=8580"}],"wp:term":[{"taxonomy":"product_brand","embeddable":true,"href":"https:\/\/en.hkzngk.com\/fr\/wp-json\/wp\/v2\/product_brand?post=8580"},{"taxonomy":"product_cat","embeddable":true,"href":"https:\/\/en.hkzngk.com\/fr\/wp-json\/wp\/v2\/product_cat?post=8580"},{"taxonomy":"product_tag","embeddable":true,"href":"https:\/\/en.hkzngk.com\/fr\/wp-json\/wp\/v2\/product_tag?post=8580"}],"curies":[{"name":"wp","href":"https:\/\/api.w.org\/{rel}","templated":true}]}}