{"id":8199,"date":"2026-01-12T09:00:27","date_gmt":"2026-01-12T09:00:27","guid":{"rendered":"http:\/\/hk.sdwailian.com\/?post_type=product&#038;p=8199"},"modified":"2026-01-13T08:13:51","modified_gmt":"2026-01-13T08:13:51","slug":"mill-pin-static","status":"publish","type":"product","link":"https:\/\/en.hkzngk.com\/pt\/produto\/mill-pin-static\/","title":{"rendered":"Moinho de Esferas de Rotor Pino e Tela Fixa (SM-SR)"},"content":{"rendered":"<p><strong>Como funcionar<\/strong><\/p>\n<p>A polpa flui horizontalmente atrav\u00e9s do moinho de esferas a partir da entrada localizada no lado do motor da c\u00e2mara de moagem.<\/p>\n<p>Durante o processo, as part\u00edculas na polpa colidem, friccionam, cisalham e trituram continuamente com as esferas at\u00e9 atingirem o tamanho desejado.<\/p>\n<p>Finalmente, a polpa com o tamanho de part\u00edcula desejado flui atrav\u00e9s da peneira fixada na parte traseira da c\u00e2mara de moagem.<\/p>\n<p><strong>Caracter\u00edstica<\/strong><\/p>\n<p>Moagem de materiais em nanoescala (1 \u03bcm-200 nm)<\/p>\n<p>Utilizado no processamento de quase todos os produtos que precisam ser mo\u00eddos em n\u00edvel ultrafino e adequado para quase todas as viscosidades.<\/p>\n<p>Utiliza meios de moagem de zirc\u00f4nia de 0,1 mm a 2,0 mm e diversos tipos de solventes, dependendo das propriedades do produto.<\/p>\n<p>Diversos materiais para componentes em contato com o produto, atendendo a diferentes requisitos, como zirc\u00f4nia, poliuretano, a\u00e7o-liga para rotor e poliuretano, zirc\u00f4nia, carboneto de sil\u00edcio e a\u00e7o inoxid\u00e1vel para a camada interna da c\u00e2mara de moagem.<\/p>\n<p>Camisa oca de resfriamento otimizada instalada externamente \u00e0 c\u00e2mara de moagem, serpentina de resfriamento abaixo da peneira e dispositivo de resfriamento para o selo mec\u00e2nico para controlar o aumento de temperatura abaixo de 20 graus.<\/p>","protected":false},"excerpt":{"rendered":"<p>O moinho de esferas com rotor em forma de pino \u00e9 convencional e usado amplamento. \u00c9 usado na moagem dos materiais da tinta, pintura, pesticida, min\u00e9rios, etc.<\/p>\n<p>Referer-se a marca reconhecida, a Netzsch, a HKZN fabrica o seu moinho de esferas com rotor de pino de boa qualidade em todos os aspectos, por exemplo,  eixo central que gira estavelmente em alta velocidade sob o acionamento de o motor ass\u00edncrono,  sistema de veda\u00e7\u00e3o mec\u00e2nica \u00e0 prova de vazamentos e um sistema de refrigera\u00e7\u00e3o instalado na camada exterior da c\u00e2mara de moagem, na veda\u00e7\u00e3o mec\u00e2nica  e no sistema de alimenta\u00e7\u00e3o, etc.<\/p>\n<p>Por causa da boa qualidade e grande vantagem de custo-benef\u00edcio, o moinho de esfera de pino da HKZN foi escolhido por v\u00e1rios clientes reconhecidos. Por exemplo, a BYD est\u00e1 usando os moinhos de esferas da HKZN para moer o material de LFP para a produ\u00e7\u00e3o da bateria dos seus ve\u00edculos el\u00e9tricos.<\/p>\n<p>Baseada na estrutura convencional, a HKZN ainda tem v\u00e1rias inova\u00e7\u00f5es, como a tela rotativa, o eixo ultra-longo acionado por motor de im\u00e3 permanente para suportar a c\u00e2mara de moagem de 1000L. Por favor se referir as p\u00e1ginas dos outros produtos para ter o conhecimento.<\/p>","protected":false},"featured_media":8203,"comment_status":"closed","ping_status":"closed","template":"","meta":{"_seopress_robots_primary_cat":"none","_seopress_titles_title":"","_seopress_titles_desc":"","_seopress_robots_index":"","site-sidebar-layout":"default","site-content-layout":"","ast-site-content-layout":"default","site-content-style":"default","site-sidebar-style":"default","ast-global-header-display":"","ast-banner-title-visibility":"","ast-main-header-display":"","ast-hfb-above-header-display":"","ast-hfb-below-header-display":"","ast-hfb-mobile-header-display":"","site-post-title":"","ast-breadcrumbs-content":"","ast-featured-img":"","footer-sml-layout":"","theme-transparent-header-meta":"default","adv-header-id-meta":"","stick-header-meta":"default","header-above-stick-meta":"","header-main-stick-meta":"","header-below-stick-meta":"","astra-migrate-meta-layouts":"set","ast-page-background-enabled":"default","ast-page-background-meta":{"desktop":{"background-color":"var(--ast-global-color-4)","background-image":"","background-repeat":"repeat","background-position":"center center","background-size":"auto","background-attachment":"scroll","background-type":"","background-media":"","overlay-type":"","overlay-color":"","overlay-opacity":"","overlay-gradient":""},"tablet":{"background-color":"","background-image":"","background-repeat":"repeat","background-position":"center center","background-size":"auto","background-attachment":"scroll","background-type":"","background-media":"","overlay-type":"","overlay-color":"","overlay-opacity":"","overlay-gradient":""},"mobile":{"background-color":"","background-image":"","background-repeat":"repeat","background-position":"center center","background-size":"auto","background-attachment":"scroll","background-type":"","background-media":"","overlay-type":"","overlay-color":"","overlay-opacity":"","overlay-gradient":""}},"ast-content-background-meta":{"desktop":{"background-color":"var(--ast-global-color-5)","background-image":"","background-repeat":"repeat","background-position":"center center","background-size":"auto","background-attachment":"scroll","background-type":"","background-media":"","overlay-type":"","overlay-color":"","overlay-opacity":"","overlay-gradient":""},"tablet":{"background-color":"var(--ast-global-color-5)","background-image":"","background-repeat":"repeat","background-position":"center center","background-size":"auto","background-attachment":"scroll","background-type":"","background-media":"","overlay-type":"","overlay-color":"","overlay-opacity":"","overlay-gradient":""},"mobile":{"background-color":"var(--ast-global-color-5)","background-image":"","background-repeat":"repeat","background-position":"center center","background-size":"auto","background-attachment":"scroll","background-type":"","background-media":"","overlay-type":"","overlay-color":"","overlay-opacity":"","overlay-gradient":""}}},"product_brand":[],"product_cat":[61,52],"product_tag":[],"class_list":{"0":"post-8199","1":"product","2":"type-product","3":"status-publish","4":"has-post-thumbnail","6":"product_cat-acim-motor-model-sr","7":"product_cat-nano-pin-bead-mill","8":"desktop-align-center","9":"tablet-align-left","10":"mobile-align-left","11":"ast-product-gallery-layout-horizontal-slider","12":"ast-product-tabs-layout-horizontal","14":"first","15":"instock","16":"featured","17":"shipping-taxable","18":"product-type-simple"},"_links":{"self":[{"href":"https:\/\/en.hkzngk.com\/pt\/wp-json\/wp\/v2\/product\/8199","targetHints":{"allow":["GET"]}}],"collection":[{"href":"https:\/\/en.hkzngk.com\/pt\/wp-json\/wp\/v2\/product"}],"about":[{"href":"https:\/\/en.hkzngk.com\/pt\/wp-json\/wp\/v2\/types\/product"}],"replies":[{"embeddable":true,"href":"https:\/\/en.hkzngk.com\/pt\/wp-json\/wp\/v2\/comments?post=8199"}],"wp:featuredmedia":[{"embeddable":true,"href":"https:\/\/en.hkzngk.com\/pt\/wp-json\/wp\/v2\/media\/8203"}],"wp:attachment":[{"href":"https:\/\/en.hkzngk.com\/pt\/wp-json\/wp\/v2\/media?parent=8199"}],"wp:term":[{"taxonomy":"product_brand","embeddable":true,"href":"https:\/\/en.hkzngk.com\/pt\/wp-json\/wp\/v2\/product_brand?post=8199"},{"taxonomy":"product_cat","embeddable":true,"href":"https:\/\/en.hkzngk.com\/pt\/wp-json\/wp\/v2\/product_cat?post=8199"},{"taxonomy":"product_tag","embeddable":true,"href":"https:\/\/en.hkzngk.com\/pt\/wp-json\/wp\/v2\/product_tag?post=8199"}],"curies":[{"name":"wp","href":"https:\/\/api.w.org\/{rel}","templated":true}]}}