{"id":8285,"date":"2025-11-01T13:43:47","date_gmt":"2025-11-01T13:43:47","guid":{"rendered":"http:\/\/hk.sdwailian.com\/?post_type=product&#038;p=8285"},"modified":"2026-03-11T06:18:20","modified_gmt":"2026-03-11T06:18:20","slug":"sm-dt-nano-bead-mill-turbine-rotor-rotative-screen","status":"publish","type":"product","link":"https:\/\/en.hkzngk.com\/pt\/produto\/sm-dt-nano-bead-mill-turbine-rotor-rotative-screen\/","title":{"rendered":"Moinho de Esferas de Rotor de Turbina e Tela Rotativa (SM-DT)"},"content":{"rendered":"<p><strong>Como funcionar:<\/strong><\/p>\n<p>A polpa flui horizontalmente atrav\u00e9s do moinho de esferas a partir da entrada localizada no lado do motor da c\u00e2mara de moagem.<\/p>\n<p>Quando a turbina gira em alta velocidade, exerce uma forte for\u00e7a centr\u00edfuga e uma for\u00e7a de jato radial sobre a polpa e as esferas do  filtrante.<\/p>\n<p>As esferas s\u00e3o \"capturadas\" pelas p\u00e1s da turbina e lan\u00e7adas em alta velocidade na dire\u00e7\u00e3o radial das p\u00e1s, atingindo a parede da c\u00e2mara de moagem e retornando em seguida, formando assim um grande circuito de circula\u00e7\u00e3o relativamente fixo e ordenado na c\u00e2mara de moagem.<\/p>\n<p>O produto com o tamanho de part\u00edcula desejado flui atrav\u00e9s da tela rotativa montada no eixo central e, em seguida, atrav\u00e9s do eixo oco especialmente projetado.<\/p>\n<p><strong>Caracter\u00edstica<\/strong><\/p>\n<p>Moagem de materiais em nanoescala (1 \u03bcm-200 nm)<\/p>\n<p>Utilizado no processamento de quase todos os produtos que precisam ser mo\u00eddos em n\u00edvel ultrafino e adequado para quase todas as viscosidades.<\/p>\n<p>Utiliza meios de moagem de zirc\u00f4nia de 0,1 mm a 2,0 mm e diversos tipos de solventes, dependendo das propriedades do produto.<\/p>\n<p>Diversos materiais para componentes em contato com o produto, atendendo a diferentes requisitos, como zirc\u00f4nia, poliuretano, a\u00e7o-liga para rotor e poliuretano, zirc\u00f4nia, carboneto de sil\u00edcio e a\u00e7o inoxid\u00e1vel para a camada interna da c\u00e2mara de moagem.<\/p>\n<p>Camisa oca de resfriamento otimizada instalada externamente \u00e0 c\u00e2mara de moagem, serpentina de resfriamento abaixo da peneira e dispositivo de resfriamento para o selo mec\u00e2nico para controlar o aumento de temperatura abaixo de 20 graus.<\/p>","protected":false},"excerpt":{"rendered":"<p>Moinho de esferas de nan\u00f4metro com rotor tipo turbina e peneira rotativa. Capacidade de c\u00e2mara de moagem de 90 L a 400 L.<\/p>\n<p>A peneira rotativa montada no eixo central substitui a peneira est\u00e1tica tradicional na parte traseira, evitando eficazmente o problema de entupimento.<\/p>\n<p>Amplamente utilizado em projetos de novas energias na China, como na moagem de fosfato de ferro-l\u00edtio, uma das aplica\u00e7\u00f5es mais exigentes.<\/p>","protected":false},"featured_media":8286,"comment_status":"closed","ping_status":"closed","template":"","meta":{"_seopress_robots_primary_cat":"none","_seopress_titles_title":"","_seopress_titles_desc":"","_seopress_robots_index":"","site-sidebar-layout":"default","site-content-layout":"","ast-site-content-layout":"default","site-content-style":"default","site-sidebar-style":"default","ast-global-header-display":"","ast-banner-title-visibility":"","ast-main-header-display":"","ast-hfb-above-header-display":"","ast-hfb-below-header-display":"","ast-hfb-mobile-header-display":"","site-post-title":"","ast-breadcrumbs-content":"","ast-featured-img":"","footer-sml-layout":"","theme-transparent-header-meta":"default","adv-header-id-meta":"","stick-header-meta":"default","header-above-stick-meta":"","header-main-stick-meta":"","header-below-stick-meta":"","astra-migrate-meta-layouts":"set","ast-page-background-enabled":"default","ast-page-background-meta":{"desktop":{"background-color":"var(--ast-global-color-4)","background-image":"","background-repeat":"repeat","background-position":"center center","background-size":"auto","background-attachment":"scroll","background-type":"","background-media":"","overlay-type":"","overlay-color":"","overlay-opacity":"","overlay-gradient":""},"tablet":{"background-color":"","background-image":"","background-repeat":"repeat","background-position":"center center","background-size":"auto","background-attachment":"scroll","background-type":"","background-media":"","overlay-type":"","overlay-color":"","overlay-opacity":"","overlay-gradient":""},"mobile":{"background-color":"","background-image":"","background-repeat":"repeat","background-position":"center center","background-size":"auto","background-attachment":"scroll","background-type":"","background-media":"","overlay-type":"","overlay-color":"","overlay-opacity":"","overlay-gradient":""}},"ast-content-background-meta":{"desktop":{"background-color":"var(--ast-global-color-5)","background-image":"","background-repeat":"repeat","background-position":"center center","background-size":"auto","background-attachment":"scroll","background-type":"","background-media":"","overlay-type":"","overlay-color":"","overlay-opacity":"","overlay-gradient":""},"tablet":{"background-color":"var(--ast-global-color-5)","background-image":"","background-repeat":"repeat","background-position":"center center","background-size":"auto","background-attachment":"scroll","background-type":"","background-media":"","overlay-type":"","overlay-color":"","overlay-opacity":"","overlay-gradient":""},"mobile":{"background-color":"var(--ast-global-color-5)","background-image":"","background-repeat":"repeat","background-position":"center center","background-size":"auto","background-attachment":"scroll","background-type":"","background-media":"","overlay-type":"","overlay-color":"","overlay-opacity":"","overlay-gradient":""}}},"product_brand":[],"product_cat":[67,53,65],"product_tag":[],"class_list":{"0":"post-8285","1":"product","2":"type-product","3":"status-publish","4":"has-post-thumbnail","6":"product_cat-acim-motor-model-dt","7":"product_cat-nano-turbine-bead-mill","8":"product_cat-rotative-screen-model-nano-turbine-bead-mill","9":"desktop-align-center","10":"tablet-align-left","11":"mobile-align-left","12":"ast-product-gallery-layout-horizontal-slider","13":"ast-product-tabs-layout-horizontal","15":"first","16":"instock","17":"featured","18":"shipping-taxable","19":"product-type-simple"},"_links":{"self":[{"href":"https:\/\/en.hkzngk.com\/pt\/wp-json\/wp\/v2\/product\/8285","targetHints":{"allow":["GET"]}}],"collection":[{"href":"https:\/\/en.hkzngk.com\/pt\/wp-json\/wp\/v2\/product"}],"about":[{"href":"https:\/\/en.hkzngk.com\/pt\/wp-json\/wp\/v2\/types\/product"}],"replies":[{"embeddable":true,"href":"https:\/\/en.hkzngk.com\/pt\/wp-json\/wp\/v2\/comments?post=8285"}],"wp:featuredmedia":[{"embeddable":true,"href":"https:\/\/en.hkzngk.com\/pt\/wp-json\/wp\/v2\/media\/8286"}],"wp:attachment":[{"href":"https:\/\/en.hkzngk.com\/pt\/wp-json\/wp\/v2\/media?parent=8285"}],"wp:term":[{"taxonomy":"product_brand","embeddable":true,"href":"https:\/\/en.hkzngk.com\/pt\/wp-json\/wp\/v2\/product_brand?post=8285"},{"taxonomy":"product_cat","embeddable":true,"href":"https:\/\/en.hkzngk.com\/pt\/wp-json\/wp\/v2\/product_cat?post=8285"},{"taxonomy":"product_tag","embeddable":true,"href":"https:\/\/en.hkzngk.com\/pt\/wp-json\/wp\/v2\/product_tag?post=8285"}],"curies":[{"name":"wp","href":"https:\/\/api.w.org\/{rel}","templated":true}]}}