{"id":8289,"date":"2025-11-01T13:58:38","date_gmt":"2025-11-01T13:58:38","guid":{"rendered":"http:\/\/hk.sdwailian.com\/?post_type=product&#038;p=8289"},"modified":"2026-03-11T06:32:13","modified_gmt":"2026-03-11T06:32:13","slug":"sm-str-nano-bead-mill-turbinepin-rotor-fixed-screen","status":"publish","type":"product","link":"https:\/\/en.hkzngk.com\/pt\/produto\/sm-str-nano-bead-mill-turbinepin-rotor-fixed-screen\/","title":{"rendered":"Moinho de Esferas Rotor Pino\/Turbina e Tela Rotativa (STR)"},"content":{"rendered":"<p><strong>Como funcionar:<\/strong><\/p>\n<p>A polpa flui horizontalmente atrav\u00e9s do moinho de esferas a partir da entrada localizada no lado do motor da c\u00e2mara de moagem.<\/p>\n<p>O rotor da turbina gera um fluxo axial potente e intensas for\u00e7as de cisalhamento, atuando como um pr\u00e9-misturador e dispersor altamente eficiente, quebrando rapidamente os p\u00f3s aglomerados e completando a dispers\u00e3o e mistura preliminares.<\/p>\n<p>The following pin rotor generates extremely high shear forces and collision rates, grinding the remaining coarse particles or aggregates to extremely fine levels.<\/p>\n<p>Finalmente, a polpa com o tamanho de part\u00edcula desejado flui atrav\u00e9s da peneira fixada na parte traseira da c\u00e2mara de moagem.<\/p>\n<p><strong>Caracter\u00edstica<\/strong><\/p>\n<p>Moagem de materiais em nanoescala (1 \u03bcm-200 nm)<\/p>\n<p>Utilizado no processamento de quase todos os produtos que precisam ser mo\u00eddos em n\u00edvel ultrafino e adequado para quase todas as viscosidades.<\/p>\n<p>Utiliza meios de moagem de zirc\u00f4nia de 0,1 mm a 2,0 mm e diversos tipos de solventes, dependendo das propriedades do produto.<\/p>\n<p>Diversos materiais para componentes em contato com o produto, atendendo a diferentes requisitos, como zirc\u00f4nia, poliuretano, a\u00e7o-liga para rotor e poliuretano, zirc\u00f4nia, carboneto de sil\u00edcio e a\u00e7o inoxid\u00e1vel para a camada interna da c\u00e2mara de moagem.<\/p>\n<p>Camisa oca de resfriamento otimizada instalada externamente \u00e0 c\u00e2mara de moagem, serpentina de resfriamento abaixo da peneira e dispositivo de resfriamento para o selo mec\u00e2nico para controlar o aumento de temperatura abaixo de 20 graus.<\/p>","protected":false},"excerpt":{"rendered":"<p>Nano horizontal agitator bead mill with combined turbine and pin-type rotor and fixed screen mounted on the rear of grinding chamber.<\/p>\n<p>De 0,6 L a 600 L, diversos modelos com diferentes volumes de c\u00e2mara para atender \u00e0s suas necessidades.<\/p>\n<p>O rotor da turbina gera um fluxo axial potente e intensas for\u00e7as de cisalhamento, atuando como um pr\u00e9-misturador e dispersor altamente eficiente, quebrando rapidamente os p\u00f3s aglomerados e realizando a dispers\u00e3o e mistura preliminares.<\/p>\n<p>O rotor de pinos subsequente gera for\u00e7as de cisalhamento e taxas de colis\u00e3o extremamente altas, triturando as part\u00edculas grossas ou agregados restantes at\u00e9 n\u00edveis extremamente finos.<\/p>\n<p>&nbsp;<\/p>","protected":false},"featured_media":8290,"comment_status":"closed","ping_status":"closed","template":"","meta":{"_seopress_robots_primary_cat":"none","_seopress_titles_title":"","_seopress_titles_desc":"","_seopress_robots_index":"","site-sidebar-layout":"default","site-content-layout":"","ast-site-content-layout":"default","site-content-style":"default","site-sidebar-style":"default","ast-global-header-display":"","ast-banner-title-visibility":"","ast-main-header-display":"","ast-hfb-above-header-display":"","ast-hfb-below-header-display":"","ast-hfb-mobile-header-display":"","site-post-title":"","ast-breadcrumbs-content":"","ast-featured-img":"","footer-sml-layout":"","theme-transparent-header-meta":"default","adv-header-id-meta":"","stick-header-meta":"default","header-above-stick-meta":"","header-main-stick-meta":"","header-below-stick-meta":"","astra-migrate-meta-layouts":"set","ast-page-background-enabled":"default","ast-page-background-meta":{"desktop":{"background-color":"var(--ast-global-color-4)","background-image":"","background-repeat":"repeat","background-position":"center center","background-size":"auto","background-attachment":"scroll","background-type":"","background-media":"","overlay-type":"","overlay-color":"","overlay-opacity":"","overlay-gradient":""},"tablet":{"background-color":"","background-image":"","background-repeat":"repeat","background-position":"center center","background-size":"auto","background-attachment":"scroll","background-type":"","background-media":"","overlay-type":"","overlay-color":"","overlay-opacity":"","overlay-gradient":""},"mobile":{"background-color":"","background-image":"","background-repeat":"repeat","background-position":"center center","background-size":"auto","background-attachment":"scroll","background-type":"","background-media":"","overlay-type":"","overlay-color":"","overlay-opacity":"","overlay-gradient":""}},"ast-content-background-meta":{"desktop":{"background-color":"var(--ast-global-color-5)","background-image":"","background-repeat":"repeat","background-position":"center center","background-size":"auto","background-attachment":"scroll","background-type":"","background-media":"","overlay-type":"","overlay-color":"","overlay-opacity":"","overlay-gradient":""},"tablet":{"background-color":"var(--ast-global-color-5)","background-image":"","background-repeat":"repeat","background-position":"center center","background-size":"auto","background-attachment":"scroll","background-type":"","background-media":"","overlay-type":"","overlay-color":"","overlay-opacity":"","overlay-gradient":""},"mobile":{"background-color":"var(--ast-global-color-5)","background-image":"","background-repeat":"repeat","background-position":"center center","background-size":"auto","background-attachment":"scroll","background-type":"","background-media":"","overlay-type":"","overlay-color":"","overlay-opacity":"","overlay-gradient":""}}},"product_brand":[],"product_cat":[70,68,54],"product_tag":[],"class_list":{"0":"post-8289","1":"product","2":"type-product","3":"status-publish","4":"has-post-thumbnail","6":"product_cat-acim-motor-model-str","7":"product_cat-fixed-screen-model-nano-turbine-pin-bead-mill","8":"product_cat-nano-turbine-pin-bead-mill","9":"desktop-align-center","10":"tablet-align-left","11":"mobile-align-left","12":"ast-product-gallery-layout-horizontal-slider","13":"ast-product-tabs-layout-horizontal","15":"first","16":"instock","17":"shipping-taxable","18":"product-type-simple"},"_links":{"self":[{"href":"https:\/\/en.hkzngk.com\/pt\/wp-json\/wp\/v2\/product\/8289","targetHints":{"allow":["GET"]}}],"collection":[{"href":"https:\/\/en.hkzngk.com\/pt\/wp-json\/wp\/v2\/product"}],"about":[{"href":"https:\/\/en.hkzngk.com\/pt\/wp-json\/wp\/v2\/types\/product"}],"replies":[{"embeddable":true,"href":"https:\/\/en.hkzngk.com\/pt\/wp-json\/wp\/v2\/comments?post=8289"}],"wp:featuredmedia":[{"embeddable":true,"href":"https:\/\/en.hkzngk.com\/pt\/wp-json\/wp\/v2\/media\/8290"}],"wp:attachment":[{"href":"https:\/\/en.hkzngk.com\/pt\/wp-json\/wp\/v2\/media?parent=8289"}],"wp:term":[{"taxonomy":"product_brand","embeddable":true,"href":"https:\/\/en.hkzngk.com\/pt\/wp-json\/wp\/v2\/product_brand?post=8289"},{"taxonomy":"product_cat","embeddable":true,"href":"https:\/\/en.hkzngk.com\/pt\/wp-json\/wp\/v2\/product_cat?post=8289"},{"taxonomy":"product_tag","embeddable":true,"href":"https:\/\/en.hkzngk.com\/pt\/wp-json\/wp\/v2\/product_tag?post=8289"}],"curies":[{"name":"wp","href":"https:\/\/api.w.org\/{rel}","templated":true}]}}